{"id":374,"date":"2025-12-18T21:52:15","date_gmt":"2025-12-18T20:52:15","guid":{"rendered":"https:\/\/devshadline.fr\/?page_id=374"},"modified":"2025-12-19T08:59:57","modified_gmt":"2025-12-19T07:59:57","slug":"374-2","status":"publish","type":"page","link":"https:\/\/devshadline.fr\/index.php\/374-2\/","title":{"rendered":"CGV"},"content":{"rendered":"<p>[et_pb_section fb_built=\u00a0\u00bb1&Prime; admin_label=\u00a0\u00bbHeader\u00a0\u00bb _builder_version=\u00a0\u00bb4.27.5&Prime; _module_preset=\u00a0\u00bb3fb7905b-66f3-47af-b4fd-336ae5bc8bc6&Prime; custom_padding=\u00a0\u00bb||5px|||\u00a0\u00bb locked=\u00a0\u00bboff\u00a0\u00bb collapsed=\u00a0\u00bboff\u00a0\u00bb global_colors_info=\u00a0\u00bb{%22gcid-2a2d16d8-12e5-4520-affe-307c5f5dfb07%22:%91%22background_color%22%93,%22gcid-primary-color%22:%91%22background_color_gradient_stops%22%93}\u00a0\u00bb][et_pb_row _builder_version=\u00a0\u00bb4.27.4&Prime; _module_preset=\u00a0\u00bbdefault\u00a0\u00bb global_colors_info=\u00a0\u00bb{}\u00a0\u00bb][et_pb_column type=\u00a0\u00bb4_4&Prime; _builder_version=\u00a0\u00bb4.27.3&Prime; _module_preset=\u00a0\u00bbdefault\u00a0\u00bb custom_padding=\u00a0\u00bb4%||||false|false\u00a0\u00bb custom_padding_tablet=\u00a0\u00bb0%||||false|false\u00a0\u00bb custom_padding_phone=\u00a0\u00bb0%||||false|false\u00a0\u00bb custom_padding_last_edited=\u00a0\u00bbon|desktop\u00a0\u00bb global_colors_info=\u00a0\u00bb{}\u00a0\u00bb][et_pb_heading title=\u00a0\u00bbConditions g\u00e9n\u00e9rales de vente\u00a0\u00bb _builder_version=\u00a0\u00bb4.27.5&Prime; _module_preset=\u00a0\u00bbdb963588-d74c-47af-af43-ad21ac04a84e\u00a0\u00bb title_text_align=\u00a0\u00bbcenter\u00a0\u00bb custom_margin=\u00a0\u00bb||||false|false\u00a0\u00bb global_colors_info=\u00a0\u00bb{}\u00a0\u00bb][\/et_pb_heading][\/et_pb_column][\/et_pb_row][\/et_pb_section][et_pb_section fb_built=\u00a0\u00bb1&Prime; _builder_version=\u00a0\u00bb4.27.5&Prime; _module_preset=\u00a0\u00bbdefault\u00a0\u00bb global_colors_info=\u00a0\u00bb{}\u00a0\u00bb][et_pb_row _builder_version=\u00a0\u00bb4.27.5&Prime; _module_preset=\u00a0\u00bbdefault\u00a0\u00bb global_colors_info=\u00a0\u00bb{}\u00a0\u00bb][et_pb_column type=\u00a0\u00bb4_4&Prime; _builder_version=\u00a0\u00bb4.27.5&Prime; _module_preset=\u00a0\u00bbdefault\u00a0\u00bb global_colors_info=\u00a0\u00bb{}\u00a0\u00bb][et_pb_text _builder_version=\u00a0\u00bb4.27.5&Prime; _module_preset=\u00a0\u00bbdefault\u00a0\u00bb global_colors_info=\u00a0\u00bb{}\u00a0\u00bb]<\/p>\n<p><strong>ARTICLE 0. PRIX ET FACTURATION<\/strong><\/p>\n<p>Tous les prix sont entendus en Euros Hors-Taxes \u2013 Paiement 30 jours nets.<\/p>\n<p>Facturation \u00e0 100% \u00e0 la signature \u00e0 la commande.<\/p>\n<p>Prix hors d\u00e9placement \u00e9ventuel, sauf mention contraire dans les conditions particuli\u00e8res.<\/p>\n<p>&nbsp;<\/p>\n<p><strong>ARTICLE 1. ABONNEMENT<\/strong><\/p>\n<p>Au-del\u00e0 de la p\u00e9riode initiale, les abonnements sont renouvel\u00e9s tacitement d\u2019un an, sauf r\u00e9siliation conforme aux conditions pr\u00e9cis\u00e9es ci-apr\u00e8s.<\/p>\n<p>R\u00e9siliation possible du renouvellement de l\u2019abonnement \u00e0 venir \u00e0 tout moment avec notification par mail\/courrier avec accus\u00e9 de r\u00e9ception.<\/p>\n<p>R\u00e9siliation en cas de manquement non corrig\u00e9 sous 30 jours apr\u00e8s notification par lettre recommand\u00e9e avec AR.<\/p>\n<p>Aucun d\u00e9bours ni remboursement jusqu\u2019\u00e0 la date de la r\u00e9siliation effective.<\/p>\n<p>Acc\u00e8s \u00e0 la Solution via Internet et 24\/7.<\/p>\n<p>&nbsp;<\/p>\n<p><strong>ARTICLE 2. OBLIGATIONS<\/strong><\/p>\n<p>Le Client doit fournir les informations n\u00e9cessaires et collaborer activement.<\/p>\n<p>SHADLINE garantit l\u2019ex\u00e9cution parfaite des prestations et dispose de tous les droits sur la solution.<\/p>\n<p>&nbsp;<\/p>\n<p><strong>ARTICLE 3. CONFIDENTIALIT\u00c9<\/strong><\/p>\n<p>SHADLINE n\u2019a pas acc\u00e8s aux donn\u00e9es stock\u00e9es par le client dans le cadre du service SHADLINE.<\/p>\n<p>Les informations restent la propri\u00e9t\u00e9 de la Partie qui les communique et ne peuvent \u00eatre utilis\u00e9es que pour les besoins sp\u00e9cifi\u00e9s.<\/p>\n<p>Respect des r\u00e9glementations sur les donn\u00e9es personnelles (RGPD\/lois CNIL).<\/p>\n<p>Suppression des donn\u00e9es du Client (techniques et personnelles) sous 30 jours apr\u00e8s la fin de l\u2019abonnement.<\/p>\n<p>&nbsp;<\/p>\n<p><strong>ARTICLE 4. MAINTENANCE &amp; S\u00c9CURIT\u00c9<\/strong><\/p>\n<p>SHADLINE assure la s\u00e9curit\u00e9 de la Solution \u00e0 l\u2019\u00e9tat de l\u2019art, sa maintenance, et la mise \u00e0 jour continue des comp\u00e9tences techniques.<\/p>\n<p>Donn\u00e9es h\u00e9berg\u00e9es sur serveurs OVH Cloud (France). Changement d\u2019h\u00e9bergeur : notification 30 jours \u00e0 l\u2019avance.<\/p>\n<p>&nbsp;<\/p>\n<p><strong>ARTICLE 5. ASSURANCE &amp; RESPONSABILIT\u00c9<\/strong><\/p>\n<p>SHADLINE dispose d\u2019une couverture de responsabilit\u00e9 civile.<\/p>\n<p>&nbsp;<\/p>\n<p><strong>ARTICLE 6. PROPRI\u00c9T\u00c9 INTELLECTUELLE<\/strong><\/p>\n<p>SHADLINE est la propri\u00e9t\u00e9 exclusive de la SAS SHADLINE.<\/p>\n<p>Le Client re\u00e7oit un droit d\u2019utilisation personnel et non transf\u00e9rable.<\/p>\n<p>&nbsp;<\/p>\n<p><strong>ARTICLE 7. STIPULATIONS PARTICULI\u00c8RES ET ETHIQUES<\/strong><\/p>\n<p>SHADLINE respecte toutes les obligations d\u2019immatriculation et les r\u00e9glementations en vigueur.<\/p>\n<p>SHADLINE s\u2019engage \u00e0 respecter les lois anti-corruption fran\u00e7aises et internationales.<\/p>\n<p>Chaque Partie est responsable de ses manquements, et aucune clause limitative de responsabilit\u00e9 ne s\u2019applique.<\/p>\n<p>&nbsp;<\/p>\n<p><strong>ARTICLE 8. R\u00c9F\u00c9RENCES<\/strong><\/p>\n<p>SHADLINE peut mentionner le nom du Client comme r\u00e9f\u00e9rence dans sa documentation commerciale.<\/p>\n<p>&nbsp;<\/p>\n<p><strong>ARTICLE 9. LITIGES<\/strong><\/p>\n<p>En cas de litige, tentative de r\u00e8glement \u00e0 l\u2019amiable, sinon tribunal de commerce de Rennes comp\u00e9tent.<\/p>\n<p>[\/et_pb_text][\/et_pb_column][\/et_pb_row][et_pb_row _builder_version=\u00a0\u00bb4.27.5&Prime; _module_preset=\u00a0\u00bbdefault\u00a0\u00bb global_colors_info=\u00a0\u00bb{}\u00a0\u00bb][et_pb_column type=\u00a0\u00bb4_4&Prime; _builder_version=\u00a0\u00bb4.27.5&Prime; _module_preset=\u00a0\u00bbdefault\u00a0\u00bb global_colors_info=\u00a0\u00bb{}\u00a0\u00bb][et_pb_divider _builder_version=\u00a0\u00bb4.27.5&Prime; _module_preset=\u00a0\u00bbdefault\u00a0\u00bb global_colors_info=\u00a0\u00bb{}\u00a0\u00bb][\/et_pb_divider][\/et_pb_column][\/et_pb_row][\/et_pb_section][et_pb_section fb_built=\u00a0\u00bb1&Prime; _builder_version=\u00a0\u00bb4.27.5&Prime; _module_preset=\u00a0\u00bbdefault\u00a0\u00bb locked=\u00a0\u00bboff\u00a0\u00bb global_colors_info=\u00a0\u00bb{}\u00a0\u00bb][et_pb_row _builder_version=\u00a0\u00bb4.27.5&Prime; _module_preset=\u00a0\u00bbdefault\u00a0\u00bb global_colors_info=\u00a0\u00bb{}\u00a0\u00bb][et_pb_column type=\u00a0\u00bb4_4&Prime; _builder_version=\u00a0\u00bb4.27.5&Prime; _module_preset=\u00a0\u00bbdefault\u00a0\u00bb global_colors_info=\u00a0\u00bb{}\u00a0\u00bb][et_pb_heading title=\u00a0\u00bbConfiance num\u00e9rique\u00a0\u00bb _builder_version=\u00a0\u00bb4.27.5&Prime; _module_preset=\u00a0\u00bbdb963588-d74c-47af-af43-ad21ac04a84e\u00a0\u00bb title_text_align=\u00a0\u00bbcenter\u00a0\u00bb title_text_color=\u00a0\u00bbgcid-secondary-color\u00a0\u00bb global_colors_info=\u00a0\u00bb{%22gcid-secondary-color%22:%91%22title_text_color%22%93}\u00a0\u00bb][\/et_pb_heading][\/et_pb_column][\/et_pb_row][et_pb_row column_structure=\u00a0\u00bb1_3,1_3,1_3&Prime; _builder_version=\u00a0\u00bb4.27.5&Prime; _module_preset=\u00a0\u00bbdefault\u00a0\u00bb global_colors_info=\u00a0\u00bb{}\u00a0\u00bb][et_pb_column type=\u00a0\u00bb1_3&Prime; _builder_version=\u00a0\u00bb4.27.5&Prime; _module_preset=\u00a0\u00bbdefault\u00a0\u00bb global_colors_info=\u00a0\u00bb{}\u00a0\u00bb][et_pb_text _builder_version=\u00a0\u00bb4.27.5&Prime; _module_preset=\u00a0\u00bb9adf408f-f08b-4239-84a8-c18cf4399e79&Prime; text_orientation=\u00a0\u00bbcenter\u00a0\u00bb global_colors_info=\u00a0\u00bb{}\u00a0\u00bb]<\/p>\n<p>MADE IN FRANCE<\/p>\n<p>[\/et_pb_text][\/et_pb_column][et_pb_column type=\u00a0\u00bb1_3&Prime; _builder_version=\u00a0\u00bb4.27.5&Prime; _module_preset=\u00a0\u00bbdefault\u00a0\u00bb global_colors_info=\u00a0\u00bb{}\u00a0\u00bb][et_pb_text _builder_version=\u00a0\u00bb4.27.5&Prime; _module_preset=\u00a0\u00bb9adf408f-f08b-4239-84a8-c18cf4399e79&Prime; text_orientation=\u00a0\u00bbcenter\u00a0\u00bb global_colors_info=\u00a0\u00bb{}\u00a0\u00bb]<\/p>\n<p>CONFORMITE<\/p>\n<p>[\/et_pb_text][\/et_pb_column][et_pb_column type=\u00a0\u00bb1_3&Prime; _builder_version=\u00a0\u00bb4.27.5&Prime; _module_preset=\u00a0\u00bbdefault\u00a0\u00bb global_colors_info=\u00a0\u00bb{}\u00a0\u00bb][et_pb_text _builder_version=\u00a0\u00bb4.27.5&Prime; _module_preset=\u00a0\u00bb9adf408f-f08b-4239-84a8-c18cf4399e79&Prime; text_orientation=\u00a0\u00bbcenter\u00a0\u00bb global_colors_info=\u00a0\u00bb{}\u00a0\u00bb]<\/p>\n<p>SECURITY<\/p>\n<p>[\/et_pb_text][\/et_pb_column][\/et_pb_row][et_pb_row column_structure=\u00a0\u00bb1_3,1_3,1_3&Prime; _builder_version=\u00a0\u00bb4.27.5&Prime; _module_preset=\u00a0\u00bbdefault\u00a0\u00bb global_colors_info=\u00a0\u00bb{}\u00a0\u00bb][et_pb_column type=\u00a0\u00bb1_3&Prime; _builder_version=\u00a0\u00bb4.27.5&Prime; _module_preset=\u00a0\u00bbdefault\u00a0\u00bb global_colors_info=\u00a0\u00bb{}\u00a0\u00bb][et_pb_text _builder_version=\u00a0\u00bb4.27.5&Prime; _module_preset=\u00a0\u00bbdefault\u00a0\u00bb text_orientation=\u00a0\u00bbcenter\u00a0\u00bb global_colors_info=\u00a0\u00bb{}\u00a0\u00bb]<\/p>\n<p>H\u00e9bergement HDS et techno 100 % France<\/p>\n<p>[\/et_pb_text][\/et_pb_column][et_pb_column type=\u00a0\u00bb1_3&Prime; _builder_version=\u00a0\u00bb4.27.5&Prime; _module_preset=\u00a0\u00bbdefault\u00a0\u00bb global_colors_info=\u00a0\u00bb{}\u00a0\u00bb][et_pb_text _builder_version=\u00a0\u00bb4.27.5&Prime; _module_preset=\u00a0\u00bbdefault\u00a0\u00bb text_orientation=\u00a0\u00bbcenter\u00a0\u00bb global_colors_info=\u00a0\u00bb{}\u00a0\u00bb]<\/p>\n<p>Exigences RGPD, ISO 27001, NIS2, DORA<\/p>\n<p>[\/et_pb_text][\/et_pb_column][et_pb_column type=\u00a0\u00bb1_3&Prime; _builder_version=\u00a0\u00bb4.27.5&Prime; _module_preset=\u00a0\u00bbdefault\u00a0\u00bb global_colors_info=\u00a0\u00bb{}\u00a0\u00bb][et_pb_text _builder_version=\u00a0\u00bb4.27.5&Prime; _module_preset=\u00a0\u00bbdefault\u00a0\u00bb text_orientation=\u00a0\u00bbcenter\u00a0\u00bb global_colors_info=\u00a0\u00bb{}\u00a0\u00bb]<\/p>\n<p>By Design, la plus s\u00e9curis\u00e9e du march\u00e9<\/p>\n<p>[\/et_pb_text][\/et_pb_column][\/et_pb_row][et_pb_row _builder_version=\u00a0\u00bb4.27.5&Prime; _module_preset=\u00a0\u00bbdefault\u00a0\u00bb global_colors_info=\u00a0\u00bb{}\u00a0\u00bb][et_pb_column type=\u00a0\u00bb4_4&Prime; _builder_version=\u00a0\u00bb4.27.5&Prime; _module_preset=\u00a0\u00bbdefault\u00a0\u00bb global_colors_info=\u00a0\u00bb{}\u00a0\u00bb][et_pb_divider _builder_version=\u00a0\u00bb4.27.5&Prime; _module_preset=\u00a0\u00bbdefault\u00a0\u00bb global_colors_info=\u00a0\u00bb{}\u00a0\u00bb][\/et_pb_divider][\/et_pb_column][\/et_pb_row][\/et_pb_section][et_pb_section fb_built=\u00a0\u00bb1&Prime; _builder_version=\u00a0\u00bb4.27.5&Prime; _module_preset=\u00a0\u00bbdefault\u00a0\u00bb locked=\u00a0\u00bboff\u00a0\u00bb global_colors_info=\u00a0\u00bb{}\u00a0\u00bb][et_pb_row column_structure=\u00a0\u00bb1_3,1_3,1_3&Prime; _builder_version=\u00a0\u00bb4.27.5&Prime; _module_preset=\u00a0\u00bbdefault\u00a0\u00bb global_colors_info=\u00a0\u00bb{}\u00a0\u00bb][et_pb_column type=\u00a0\u00bb1_3&Prime; _builder_version=\u00a0\u00bb4.27.5&Prime; _module_preset=\u00a0\u00bbdefault\u00a0\u00bb global_colors_info=\u00a0\u00bb{}\u00a0\u00bb][et_pb_image src=\u00a0\u00bbhttps:\/\/devshadline.fr\/wp-content\/uploads\/2025\/12\/CYBIAH.jpg\u00a0\u00bb title_text=\u00a0\u00bbCYBIAH\u00a0\u00bb align=\u00a0\u00bbcenter\u00a0\u00bb _builder_version=\u00a0\u00bb4.27.5&Prime; _module_preset=\u00a0\u00bbdefault\u00a0\u00bb global_colors_info=\u00a0\u00bb{}\u00a0\u00bb][\/et_pb_image][\/et_pb_column][et_pb_column type=\u00a0\u00bb1_3&Prime; _builder_version=\u00a0\u00bb4.27.5&Prime; _module_preset=\u00a0\u00bbdefault\u00a0\u00bb global_colors_info=\u00a0\u00bb{}\u00a0\u00bb][et_pb_image src=\u00a0\u00bbhttps:\/\/devshadline.fr\/wp-content\/uploads\/2025\/12\/bzh.png\u00a0\u00bb title_text=\u00a0\u00bbbzh\u00a0\u00bb align=\u00a0\u00bbcenter\u00a0\u00bb _builder_version=\u00a0\u00bb4.27.5&Prime; _module_preset=\u00a0\u00bbdefault\u00a0\u00bb global_colors_info=\u00a0\u00bb{}\u00a0\u00bb][\/et_pb_image][\/et_pb_column][et_pb_column type=\u00a0\u00bb1_3&Prime; _builder_version=\u00a0\u00bb4.27.5&Prime; _module_preset=\u00a0\u00bbdefault\u00a0\u00bb global_colors_info=\u00a0\u00bb{}\u00a0\u00bb][et_pb_image src=\u00a0\u00bbhttps:\/\/devshadline.fr\/wp-content\/uploads\/2025\/12\/logos_POOOLxFT_horizontal_Plan-de-travail-1-copie-2-scaled.png\u00a0\u00bb title_text=\u00a0\u00bblogos_POOOLxFT_horizontal_Plan de travail 1 copie 2&Prime; show_bottom_space=\u00a0\u00bboff\u00a0\u00bb align=\u00a0\u00bbcenter\u00a0\u00bb _builder_version=\u00a0\u00bb4.27.5&Prime; _module_preset=\u00a0\u00bbdefault\u00a0\u00bb custom_margin=\u00a0\u00bb-13px||||false|false\u00a0\u00bb global_colors_info=\u00a0\u00bb{}\u00a0\u00bb][\/et_pb_image][\/et_pb_column][\/et_pb_row][et_pb_row column_structure=\u00a0\u00bb1_2,1_2&Prime; _builder_version=\u00a0\u00bb4.27.5&Prime; _module_preset=\u00a0\u00bbdefault\u00a0\u00bb global_colors_info=\u00a0\u00bb{}\u00a0\u00bb][et_pb_column type=\u00a0\u00bb1_2&Prime; _builder_version=\u00a0\u00bb4.27.5&Prime; _module_preset=\u00a0\u00bbdefault\u00a0\u00bb global_colors_info=\u00a0\u00bb{}\u00a0\u00bb][et_pb_image src=\u00a0\u00bbhttps:\/\/devshadline.fr\/wp-content\/uploads\/2025\/12\/UGAP.png\u00a0\u00bb title_text=\u00a0\u00bbUGAP\u00a0\u00bb align=\u00a0\u00bbcenter\u00a0\u00bb _builder_version=\u00a0\u00bb4.27.5&Prime; _module_preset=\u00a0\u00bbdefault\u00a0\u00bb width=\u00a0\u00bb32%\u00a0\u00bb module_alignment=\u00a0\u00bbcenter\u00a0\u00bb global_colors_info=\u00a0\u00bb{}\u00a0\u00bb][\/et_pb_image][\/et_pb_column][et_pb_column type=\u00a0\u00bb1_2&Prime; _builder_version=\u00a0\u00bb4.27.5&Prime; _module_preset=\u00a0\u00bbdefault\u00a0\u00bb global_colors_info=\u00a0\u00bb{}\u00a0\u00bb][et_pb_image src=\u00a0\u00bbhttps:\/\/devshadline.fr\/wp-content\/uploads\/2025\/12\/CRAYON.png\u00a0\u00bb title_text=\u00a0\u00bbCRAYON\u00a0\u00bb align=\u00a0\u00bbcenter\u00a0\u00bb _builder_version=\u00a0\u00bb4.27.5&Prime; _module_preset=\u00a0\u00bbdefault\u00a0\u00bb width=\u00a0\u00bb21%\u00a0\u00bb global_colors_info=\u00a0\u00bb{}\u00a0\u00bb][\/et_pb_image][\/et_pb_column][\/et_pb_row][et_pb_row _builder_version=\u00a0\u00bb4.27.5&Prime; _module_preset=\u00a0\u00bbdefault\u00a0\u00bb global_colors_info=\u00a0\u00bb{}\u00a0\u00bb][et_pb_column type=\u00a0\u00bb4_4&Prime; _builder_version=\u00a0\u00bb4.27.5&Prime; _module_preset=\u00a0\u00bbdefault\u00a0\u00bb global_colors_info=\u00a0\u00bb{}\u00a0\u00bb][et_pb_divider _builder_version=\u00a0\u00bb4.27.5&Prime; _module_preset=\u00a0\u00bbdefault\u00a0\u00bb global_colors_info=\u00a0\u00bb{}\u00a0\u00bb][\/et_pb_divider][\/et_pb_column][\/et_pb_row][\/et_pb_section]<\/p>\n","protected":false},"excerpt":{"rendered":"<p>ARTICLE 0. PRIX ET FACTURATION Tous les prix sont entendus en Euros Hors-Taxes \u2013 Paiement 30 jours nets. Facturation \u00e0 100% \u00e0 la signature \u00e0 la commande. Prix hors d\u00e9placement \u00e9ventuel, sauf mention contraire dans les conditions particuli\u00e8res. &nbsp; ARTICLE 1. ABONNEMENT Au-del\u00e0 de la p\u00e9riode initiale, les abonnements sont renouvel\u00e9s tacitement d\u2019un an, sauf [&hellip;]<\/p>\n","protected":false},"author":1,"featured_media":0,"parent":0,"menu_order":0,"comment_status":"closed","ping_status":"closed","template":"","meta":{"_et_pb_use_builder":"on","_et_pb_old_content":"","_et_gb_content_width":"","footnotes":""},"class_list":["post-374","page","type-page","status-publish","hentry"],"_links":{"self":[{"href":"https:\/\/devshadline.fr\/index.php\/wp-json\/wp\/v2\/pages\/374","targetHints":{"allow":["GET"]}}],"collection":[{"href":"https:\/\/devshadline.fr\/index.php\/wp-json\/wp\/v2\/pages"}],"about":[{"href":"https:\/\/devshadline.fr\/index.php\/wp-json\/wp\/v2\/types\/page"}],"author":[{"embeddable":true,"href":"https:\/\/devshadline.fr\/index.php\/wp-json\/wp\/v2\/users\/1"}],"replies":[{"embeddable":true,"href":"https:\/\/devshadline.fr\/index.php\/wp-json\/wp\/v2\/comments?post=374"}],"version-history":[{"count":4,"href":"https:\/\/devshadline.fr\/index.php\/wp-json\/wp\/v2\/pages\/374\/revisions"}],"predecessor-version":[{"id":398,"href":"https:\/\/devshadline.fr\/index.php\/wp-json\/wp\/v2\/pages\/374\/revisions\/398"}],"wp:attachment":[{"href":"https:\/\/devshadline.fr\/index.php\/wp-json\/wp\/v2\/media?parent=374"}],"curies":[{"name":"wp","href":"https:\/\/api.w.org\/{rel}","templated":true}]}}